{"id":2,"date":"2020-10-23T08:35:24","date_gmt":"2020-10-23T08:35:24","guid":{"rendered":"http:\/\/seiferia.ch\/?page_id=2"},"modified":"2020-11-11T17:35:23","modified_gmt":"2020-11-11T17:35:23","slug":"sample-page","status":"publish","type":"page","link":"https:\/\/seiferia.ch\/index.php\/sample-page\/","title":{"rendered":"\u00dcBER SEIFERIA"},"content":{"rendered":"\t\t<div data-elementor-type=\"wp-page\" data-elementor-id=\"2\" class=\"elementor elementor-2\">\n\t\t\t\t\t\t<div class=\"elementor-inner\">\n\t\t\t\t<div class=\"elementor-section-wrap\">\n\t\t\t\t\t\t\t\t\t<section class=\"elementor-section elementor-top-section elementor-element elementor-element-94b3248 elementor-section-boxed elementor-section-height-default elementor-section-height-default\" data-id=\"94b3248\" data-element_type=\"section\">\n\t\t\t\t\t\t<div class=\"elementor-container elementor-column-gap-default\">\n\t\t\t\t\t\t\t<div class=\"elementor-row\">\n\t\t\t\t\t<div class=\"elementor-column elementor-col-100 elementor-top-column elementor-element elementor-element-b8247bc\" data-id=\"b8247bc\" data-element_type=\"column\">\n\t\t\t<div class=\"elementor-column-wrap elementor-element-populated\">\n\t\t\t\t\t\t\t<div class=\"elementor-widget-wrap\">\n\t\t\t\t\t\t<div class=\"elementor-element elementor-element-4b768a0 elementor-widget elementor-widget-text-editor\" data-id=\"4b768a0\" data-element_type=\"widget\" data-widget_type=\"text-editor.default\">\n\t\t\t\t<div class=\"elementor-widget-container\">\n\t\t\t\t\t\t\t\t<div class=\"elementor-text-editor elementor-clearfix\">\n\t\t\t\t<p>Seiferia entstand in einem Churer Keller. Mit einer Freundin stellte ich Seifen als Weihnachtsgeschenke her, was so gut ankam, dass wir Nachbestellungen hatten und uns 2005 an unserem ersten Weihnachtsmarkt in Chur anmeldeten.<\/p>\n<p>Durch die Jahre haben wir viele Seifen gegossen und viele Rezepte kreiert. Wir sammelten Erfahrung mit Material und Form und entwickelten unser Sortiment st\u00e4ndig weiter. Unserem Grundsatz von Hand r\u00fchren und mit rein pflanzlichen Rohstoffen zu arbeiten blieben wir bis heute treu, nat\u00fcrliche D\u00fcfte und Farbstoffe werden bevorzugt.<\/p>\t\t\t\t\t<\/div>\n\t\t\t\t\t\t<\/div>\n\t\t\t\t<\/div>\n\t\t\t\t<section class=\"elementor-section elementor-inner-section elementor-element elementor-element-f2fc786 elementor-section-boxed elementor-section-height-default elementor-section-height-default\" data-id=\"f2fc786\" data-element_type=\"section\">\n\t\t\t\t\t\t<div class=\"elementor-container elementor-column-gap-default\">\n\t\t\t\t\t\t\t<div class=\"elementor-row\">\n\t\t\t\t\t<div class=\"elementor-column elementor-col-50 elementor-inner-column elementor-element elementor-element-987b6e2\" data-id=\"987b6e2\" data-element_type=\"column\">\n\t\t\t<div class=\"elementor-column-wrap elementor-element-populated\">\n\t\t\t\t\t\t\t<div class=\"elementor-widget-wrap\">\n\t\t\t\t\t\t<div class=\"elementor-element elementor-element-7b8e7fa elementor-widget elementor-widget-image\" data-id=\"7b8e7fa\" data-element_type=\"widget\" data-widget_type=\"image.default\">\n\t\t\t\t<div class=\"elementor-widget-container\">\n\t\t\t\t\t\t\t\t<div class=\"elementor-image\">\n\t\t\t\t\t\t\t\t\t\t\t\t<img decoding=\"async\" loading=\"lazy\" width=\"2048\" height=\"1536\" src=\"https:\/\/seiferia.ch\/wp-content\/uploads\/2020\/10\/CLICA.jpg\" class=\"attachment-full size-full\" alt=\"ClaudiaBolliger\" srcset=\"https:\/\/seiferia.ch\/wp-content\/uploads\/2020\/10\/CLICA.jpg 2048w, https:\/\/seiferia.ch\/wp-content\/uploads\/2020\/10\/CLICA-600x450.jpg 600w, https:\/\/seiferia.ch\/wp-content\/uploads\/2020\/10\/CLICA-300x225.jpg 300w, https:\/\/seiferia.ch\/wp-content\/uploads\/2020\/10\/CLICA-1024x768.jpg 1024w, https:\/\/seiferia.ch\/wp-content\/uploads\/2020\/10\/CLICA-768x576.jpg 768w, https:\/\/seiferia.ch\/wp-content\/uploads\/2020\/10\/CLICA-1536x1152.jpg 1536w\" sizes=\"(max-width: 2048px) 100vw, 2048px\" \/>\t\t\t\t\t\t\t\t\t\t\t\t\t\t<\/div>\n\t\t\t\t\t\t<\/div>\n\t\t\t\t<\/div>\n\t\t\t\t\t\t<\/div>\n\t\t\t\t\t<\/div>\n\t\t<\/div>\n\t\t\t\t<div class=\"elementor-column elementor-col-50 elementor-inner-column elementor-element elementor-element-ba0cafa\" data-id=\"ba0cafa\" data-element_type=\"column\">\n\t\t\t<div class=\"elementor-column-wrap elementor-element-populated\">\n\t\t\t\t\t\t\t<div class=\"elementor-widget-wrap\">\n\t\t\t\t\t\t<div class=\"elementor-element elementor-element-42fa646 elementor-widget elementor-widget-text-editor\" data-id=\"42fa646\" data-element_type=\"widget\" data-widget_type=\"text-editor.default\">\n\t\t\t\t<div class=\"elementor-widget-container\">\n\t\t\t\t\t\t\t\t<div class=\"elementor-text-editor elementor-clearfix\">\n\t\t\t\t<h4>Die Kreativit\u00e4t und eigene Gussformen herzustellen ist unsere Spezialit\u00e4t. Eine Seife mit Fetten und \u00d6len, die unsere Haut n\u00e4hren und pflegen, D\u00fcfte die leicht umh\u00fcllen, dies ist unser Ziel. So lass dich verzaubern.<\/h4>\t\t\t\t\t<\/div>\n\t\t\t\t\t\t<\/div>\n\t\t\t\t<\/div>\n\t\t\t\t\t\t<\/div>\n\t\t\t\t\t<\/div>\n\t\t<\/div>\n\t\t\t\t\t\t\t\t<\/div>\n\t\t\t\t\t<\/div>\n\t\t<\/section>\n\t\t\t\t\t\t<\/div>\n\t\t\t\t\t<\/div>\n\t\t<\/div>\n\t\t\t\t\t\t\t\t<\/div>\n\t\t\t\t\t<\/div>\n\t\t<\/section>\n\t\t\t\t\t\t\t\t\t<\/div>\n\t\t\t<\/div>\n\t\t\t\t\t<\/div>\n\t\t","protected":false},"excerpt":{"rendered":"<p>Seiferia entstand in einem Churer Keller. Mit einer Freundin stellte ich Seifen als Weihnachtsgeschenke her, was so gut ankam, dass wir Nachbestellungen hatten und uns 2005 an unserem ersten Weihnachtsmarkt in Chur anmeldeten. Durch die Jahre haben wir viele Seifen gegossen und viele Rezepte kreiert. Wir sammelten Erfahrung mit Material und Form und entwickelten unser [&hellip;]<\/p>\n","protected":false},"author":1,"featured_media":0,"parent":0,"menu_order":5,"comment_status":"closed","ping_status":"closed","template":"","meta":{"footnotes":""},"_links":{"self":[{"href":"https:\/\/seiferia.ch\/index.php\/wp-json\/wp\/v2\/pages\/2"}],"collection":[{"href":"https:\/\/seiferia.ch\/index.php\/wp-json\/wp\/v2\/pages"}],"about":[{"href":"https:\/\/seiferia.ch\/index.php\/wp-json\/wp\/v2\/types\/page"}],"author":[{"embeddable":true,"href":"https:\/\/seiferia.ch\/index.php\/wp-json\/wp\/v2\/users\/1"}],"replies":[{"embeddable":true,"href":"https:\/\/seiferia.ch\/index.php\/wp-json\/wp\/v2\/comments?post=2"}],"version-history":[{"count":11,"href":"https:\/\/seiferia.ch\/index.php\/wp-json\/wp\/v2\/pages\/2\/revisions"}],"predecessor-version":[{"id":435,"href":"https:\/\/seiferia.ch\/index.php\/wp-json\/wp\/v2\/pages\/2\/revisions\/435"}],"wp:attachment":[{"href":"https:\/\/seiferia.ch\/index.php\/wp-json\/wp\/v2\/media?parent=2"}],"curies":[{"name":"wp","href":"https:\/\/api.w.org\/{rel}","templated":true}]}}