{"id":198,"date":"2020-11-06T09:03:39","date_gmt":"2020-11-06T09:03:39","guid":{"rendered":"http:\/\/seiferia.ch\/?post_type=product&#038;p=198"},"modified":"2022-11-17T12:51:49","modified_gmt":"2022-11-17T12:51:49","slug":"orange","status":"publish","type":"product","link":"https:\/\/seiferia.ch\/index.php\/product\/orange\/","title":{"rendered":"Orange"},"content":{"rendered":"<p>Kokosfett, Palmfett Bio, Oliven\u00f6l, Raps\u00f6l, Rizinus\u00f6l, \u00e4th. \u00d6l, Bienenwachs<br \/>\nDuftet nach Orangen und Zeder<\/p>\n","protected":false},"excerpt":{"rendered":"<p>Kokosfett, Palmfett Bio, Oliven\u00f6l, Raps\u00f6l, Rizinus\u00f6l, \u00e4th. \u00d6l, Bienenwachs Duftet nach Orangen und Zeder<\/p>\n","protected":false},"featured_media":203,"template":"","meta":[],"product_cat":[15],"product_tag":[],"_links":{"self":[{"href":"https:\/\/seiferia.ch\/index.php\/wp-json\/wp\/v2\/product\/198"}],"collection":[{"href":"https:\/\/seiferia.ch\/index.php\/wp-json\/wp\/v2\/product"}],"about":[{"href":"https:\/\/seiferia.ch\/index.php\/wp-json\/wp\/v2\/types\/product"}],"wp:featuredmedia":[{"embeddable":true,"href":"https:\/\/seiferia.ch\/index.php\/wp-json\/wp\/v2\/media\/203"}],"wp:attachment":[{"href":"https:\/\/seiferia.ch\/index.php\/wp-json\/wp\/v2\/media?parent=198"}],"wp:term":[{"taxonomy":"product_cat","embeddable":true,"href":"https:\/\/seiferia.ch\/index.php\/wp-json\/wp\/v2\/product_cat?post=198"},{"taxonomy":"product_tag","embeddable":true,"href":"https:\/\/seiferia.ch\/index.php\/wp-json\/wp\/v2\/product_tag?post=198"}],"curies":[{"name":"wp","href":"https:\/\/api.w.org\/{rel}","templated":true}]}}