{"id":232,"date":"2020-11-06T09:15:06","date_gmt":"2020-11-06T09:15:06","guid":{"rendered":"http:\/\/seiferia.ch\/?post_type=product&#038;p=232"},"modified":"2022-11-17T12:51:19","modified_gmt":"2022-11-17T12:51:19","slug":"waldgeist-40g","status":"publish","type":"product","link":"https:\/\/seiferia.ch\/index.php\/product\/waldgeist-40g\/","title":{"rendered":"Waldgeist"},"content":{"rendered":"<p>Kokosfett, Palmfett Bio, Oliven\u00f6l, Raps\u00f6l, Sonnenblumen\u00f6l, \u00e4th.\u00d6l Latschenkiefer<\/p>\n","protected":false},"excerpt":{"rendered":"<p>Kokosfett, Palmfett Bio, Oliven\u00f6l, Raps\u00f6l, Sonnenblumen\u00f6l, \u00e4th.\u00d6l Latschenkiefer<\/p>\n","protected":false},"featured_media":209,"template":"","meta":[],"product_cat":[15],"product_tag":[],"_links":{"self":[{"href":"https:\/\/seiferia.ch\/index.php\/wp-json\/wp\/v2\/product\/232"}],"collection":[{"href":"https:\/\/seiferia.ch\/index.php\/wp-json\/wp\/v2\/product"}],"about":[{"href":"https:\/\/seiferia.ch\/index.php\/wp-json\/wp\/v2\/types\/product"}],"wp:featuredmedia":[{"embeddable":true,"href":"https:\/\/seiferia.ch\/index.php\/wp-json\/wp\/v2\/media\/209"}],"wp:attachment":[{"href":"https:\/\/seiferia.ch\/index.php\/wp-json\/wp\/v2\/media?parent=232"}],"wp:term":[{"taxonomy":"product_cat","embeddable":true,"href":"https:\/\/seiferia.ch\/index.php\/wp-json\/wp\/v2\/product_cat?post=232"},{"taxonomy":"product_tag","embeddable":true,"href":"https:\/\/seiferia.ch\/index.php\/wp-json\/wp\/v2\/product_tag?post=232"}],"curies":[{"name":"wp","href":"https:\/\/api.w.org\/{rel}","templated":true}]}}