{"id":233,"date":"2020-11-06T09:18:30","date_gmt":"2020-11-06T09:18:30","guid":{"rendered":"http:\/\/seiferia.ch\/?post_type=product&#038;p=233"},"modified":"2022-11-17T12:50:38","modified_gmt":"2022-11-17T12:50:38","slug":"rosmarin-40g","status":"publish","type":"product","link":"https:\/\/seiferia.ch\/index.php\/product\/rosmarin-40g\/","title":{"rendered":"Rosmarin"},"content":{"rendered":"<p>Kokosfett, Auszug von Rosmarin, Palmfett Bio, Oliven\u00f6l, Raps\u00f6l, Rizinus\u00f6l, Bienenwachs, Meersalz, \u00e4th.\u00d6l Rosmarin<\/p>\n","protected":false},"excerpt":{"rendered":"<p>Kokosfett, Auszug von Rosmarin, Palmfett Bio, Oliven\u00f6l, Raps\u00f6l, Rizinus\u00f6l, Bienenwachs, Meersalz, \u00e4th.\u00d6l Rosmarin<\/p>\n","protected":false},"featured_media":206,"template":"","meta":[],"product_cat":[15],"product_tag":[],"_links":{"self":[{"href":"https:\/\/seiferia.ch\/index.php\/wp-json\/wp\/v2\/product\/233"}],"collection":[{"href":"https:\/\/seiferia.ch\/index.php\/wp-json\/wp\/v2\/product"}],"about":[{"href":"https:\/\/seiferia.ch\/index.php\/wp-json\/wp\/v2\/types\/product"}],"wp:featuredmedia":[{"embeddable":true,"href":"https:\/\/seiferia.ch\/index.php\/wp-json\/wp\/v2\/media\/206"}],"wp:attachment":[{"href":"https:\/\/seiferia.ch\/index.php\/wp-json\/wp\/v2\/media?parent=233"}],"wp:term":[{"taxonomy":"product_cat","embeddable":true,"href":"https:\/\/seiferia.ch\/index.php\/wp-json\/wp\/v2\/product_cat?post=233"},{"taxonomy":"product_tag","embeddable":true,"href":"https:\/\/seiferia.ch\/index.php\/wp-json\/wp\/v2\/product_tag?post=233"}],"curies":[{"name":"wp","href":"https:\/\/api.w.org\/{rel}","templated":true}]}}