{"id":234,"date":"2020-11-06T09:19:48","date_gmt":"2020-11-06T09:19:48","guid":{"rendered":"http:\/\/seiferia.ch\/?post_type=product&#038;p=234"},"modified":"2022-11-17T12:50:01","modified_gmt":"2022-11-17T12:50:01","slug":"mohn-40g","status":"publish","type":"product","link":"https:\/\/seiferia.ch\/index.php\/product\/mohn-40g\/","title":{"rendered":"Mohn"},"content":{"rendered":"<p>Oliven\u00f6l, Raps\u00f6l, Kokosfett, Palmfett Bio, Rizinus\u00f6l, Mohnsamen, Meersalz, Bienenwachs, \u00e4th.\u00d6l<br \/>\nDuftet frisch nach Melisse, Zitrone und Teebaum.<\/p>\n","protected":false},"excerpt":{"rendered":"<p>Oliven\u00f6l, Raps\u00f6l, Kokosfett, Palmfett Bio, Rizinus\u00f6l, Mohnsamen, Meersalz, Bienenwachs, \u00e4th.\u00d6l Duftet frisch nach Melisse, Zitrone und Teebaum.<\/p>\n","protected":false},"featured_media":208,"template":"","meta":[],"product_cat":[15],"product_tag":[],"_links":{"self":[{"href":"https:\/\/seiferia.ch\/index.php\/wp-json\/wp\/v2\/product\/234"}],"collection":[{"href":"https:\/\/seiferia.ch\/index.php\/wp-json\/wp\/v2\/product"}],"about":[{"href":"https:\/\/seiferia.ch\/index.php\/wp-json\/wp\/v2\/types\/product"}],"wp:featuredmedia":[{"embeddable":true,"href":"https:\/\/seiferia.ch\/index.php\/wp-json\/wp\/v2\/media\/208"}],"wp:attachment":[{"href":"https:\/\/seiferia.ch\/index.php\/wp-json\/wp\/v2\/media?parent=234"}],"wp:term":[{"taxonomy":"product_cat","embeddable":true,"href":"https:\/\/seiferia.ch\/index.php\/wp-json\/wp\/v2\/product_cat?post=234"},{"taxonomy":"product_tag","embeddable":true,"href":"https:\/\/seiferia.ch\/index.php\/wp-json\/wp\/v2\/product_tag?post=234"}],"curies":[{"name":"wp","href":"https:\/\/api.w.org\/{rel}","templated":true}]}}