{"id":235,"date":"2020-11-06T09:21:02","date_gmt":"2020-11-06T09:21:02","guid":{"rendered":"http:\/\/seiferia.ch\/?post_type=product&#038;p=235"},"modified":"2022-11-17T12:49:18","modified_gmt":"2022-11-17T12:49:18","slug":"rose-40g","status":"publish","type":"product","link":"https:\/\/seiferia.ch\/index.php\/product\/rose-40g\/","title":{"rendered":"Rose"},"content":{"rendered":"<p>Kokosfett, Palmfett Bio, Raps\u00f6l, Traubenkern\u00f6l, Kakaobutter, Rizinus\u00f6l, Parfum \u00d6l, Pigmente.<br \/>\nDuftet fein nach Rose.<\/p>\n","protected":false},"excerpt":{"rendered":"<p>Kokosfett, Palmfett Bio, Raps\u00f6l, Traubenkern\u00f6l, Kakaobutter, Rizinus\u00f6l, Parfum \u00d6l, Pigmente. Duftet fein nach Rose.<\/p>\n","protected":false},"featured_media":222,"template":"","meta":[],"product_cat":[15],"product_tag":[],"_links":{"self":[{"href":"https:\/\/seiferia.ch\/index.php\/wp-json\/wp\/v2\/product\/235"}],"collection":[{"href":"https:\/\/seiferia.ch\/index.php\/wp-json\/wp\/v2\/product"}],"about":[{"href":"https:\/\/seiferia.ch\/index.php\/wp-json\/wp\/v2\/types\/product"}],"wp:featuredmedia":[{"embeddable":true,"href":"https:\/\/seiferia.ch\/index.php\/wp-json\/wp\/v2\/media\/222"}],"wp:attachment":[{"href":"https:\/\/seiferia.ch\/index.php\/wp-json\/wp\/v2\/media?parent=235"}],"wp:term":[{"taxonomy":"product_cat","embeddable":true,"href":"https:\/\/seiferia.ch\/index.php\/wp-json\/wp\/v2\/product_cat?post=235"},{"taxonomy":"product_tag","embeddable":true,"href":"https:\/\/seiferia.ch\/index.php\/wp-json\/wp\/v2\/product_tag?post=235"}],"curies":[{"name":"wp","href":"https:\/\/api.w.org\/{rel}","templated":true}]}}