{"id":236,"date":"2020-11-06T09:23:36","date_gmt":"2020-11-06T09:23:36","guid":{"rendered":"http:\/\/seiferia.ch\/?post_type=product&#038;p=236"},"modified":"2022-11-17T12:48:40","modified_gmt":"2022-11-17T12:48:40","slug":"shampoo-40g","status":"publish","type":"product","link":"https:\/\/seiferia.ch\/index.php\/product\/shampoo-40g\/","title":{"rendered":"Shampoo"},"content":{"rendered":"<p>Distel\u00f6l, Kokosfett, Oliven\u00f6l, Rizinus\u00f6l, Avocado\u00f6l, Traubenkern\u00f6l, Wascherde, \u00e4th.\u00d6l<br \/>\nDuftet nach Sandelholz, Ylang und Orange.<\/p>\n","protected":false},"excerpt":{"rendered":"<p>Distel\u00f6l, Kokosfett, Oliven\u00f6l, Rizinus\u00f6l, Avocado\u00f6l, Traubenkern\u00f6l, Wascherde, \u00e4th.\u00d6l Duftet nach Sandelholz, Ylang und Orange.<\/p>\n","protected":false},"featured_media":217,"template":"","meta":[],"product_cat":[15],"product_tag":[],"_links":{"self":[{"href":"https:\/\/seiferia.ch\/index.php\/wp-json\/wp\/v2\/product\/236"}],"collection":[{"href":"https:\/\/seiferia.ch\/index.php\/wp-json\/wp\/v2\/product"}],"about":[{"href":"https:\/\/seiferia.ch\/index.php\/wp-json\/wp\/v2\/types\/product"}],"wp:featuredmedia":[{"embeddable":true,"href":"https:\/\/seiferia.ch\/index.php\/wp-json\/wp\/v2\/media\/217"}],"wp:attachment":[{"href":"https:\/\/seiferia.ch\/index.php\/wp-json\/wp\/v2\/media?parent=236"}],"wp:term":[{"taxonomy":"product_cat","embeddable":true,"href":"https:\/\/seiferia.ch\/index.php\/wp-json\/wp\/v2\/product_cat?post=236"},{"taxonomy":"product_tag","embeddable":true,"href":"https:\/\/seiferia.ch\/index.php\/wp-json\/wp\/v2\/product_tag?post=236"}],"curies":[{"name":"wp","href":"https:\/\/api.w.org\/{rel}","templated":true}]}}