{"id":261,"date":"2020-11-06T10:05:08","date_gmt":"2020-11-06T10:05:08","guid":{"rendered":"http:\/\/seiferia.ch\/?post_type=product&#038;p=261"},"modified":"2022-11-10T10:15:54","modified_gmt":"2022-11-10T10:15:54","slug":"kaffee","status":"publish","type":"product","link":"https:\/\/seiferia.ch\/index.php\/product\/kaffee\/","title":{"rendered":"Kaffee"},"content":{"rendered":"<p>Kokosfett, Palmfett Bio, Oliven\u00f6l, Raps\u00f6l, Sonnenblumen\u00f6l, Kaffeepulver und Auszug von Kaffee<br \/>\nDuftet nach Kaffee, 40g<\/p>\n","protected":false},"excerpt":{"rendered":"<p>Kokosfett, Palmfett Bio, Oliven\u00f6l, Raps\u00f6l, Sonnenblumen\u00f6l, Kaffeepulver und Auszug von Kaffee Duftet nach Kaffee, 40g<\/p>\n","protected":false},"featured_media":220,"template":"","meta":[],"product_cat":[15],"product_tag":[],"_links":{"self":[{"href":"https:\/\/seiferia.ch\/index.php\/wp-json\/wp\/v2\/product\/261"}],"collection":[{"href":"https:\/\/seiferia.ch\/index.php\/wp-json\/wp\/v2\/product"}],"about":[{"href":"https:\/\/seiferia.ch\/index.php\/wp-json\/wp\/v2\/types\/product"}],"wp:featuredmedia":[{"embeddable":true,"href":"https:\/\/seiferia.ch\/index.php\/wp-json\/wp\/v2\/media\/220"}],"wp:attachment":[{"href":"https:\/\/seiferia.ch\/index.php\/wp-json\/wp\/v2\/media?parent=261"}],"wp:term":[{"taxonomy":"product_cat","embeddable":true,"href":"https:\/\/seiferia.ch\/index.php\/wp-json\/wp\/v2\/product_cat?post=261"},{"taxonomy":"product_tag","embeddable":true,"href":"https:\/\/seiferia.ch\/index.php\/wp-json\/wp\/v2\/product_tag?post=261"}],"curies":[{"name":"wp","href":"https:\/\/api.w.org\/{rel}","templated":true}]}}