{"id":262,"date":"2020-11-06T10:06:32","date_gmt":"2020-11-06T10:06:32","guid":{"rendered":"http:\/\/seiferia.ch\/?post_type=product&#038;p=262"},"modified":"2022-11-10T10:16:14","modified_gmt":"2022-11-10T10:16:14","slug":"hanfoel","status":"publish","type":"product","link":"https:\/\/seiferia.ch\/index.php\/product\/hanfoel\/","title":{"rendered":"Hanf\u00f6l"},"content":{"rendered":"<p>Kokosfett, Palmfett Bio, Hanf\u00f6l, Raps\u00f6l, Rizinus\u00f6l, Bienenwachs, Wascherde, \u00e4th. \u00d6l, Heublumen<br \/>\nDuftet nach Melisse, 40g<\/p>\n","protected":false},"excerpt":{"rendered":"<p>Kokosfett, Palmfett Bio, Hanf\u00f6l, Raps\u00f6l, Rizinus\u00f6l, Bienenwachs, Wascherde, \u00e4th. \u00d6l, Heublumen Duftet nach Melisse, 40g<\/p>\n","protected":false},"featured_media":201,"template":"","meta":[],"product_cat":[15],"product_tag":[],"_links":{"self":[{"href":"https:\/\/seiferia.ch\/index.php\/wp-json\/wp\/v2\/product\/262"}],"collection":[{"href":"https:\/\/seiferia.ch\/index.php\/wp-json\/wp\/v2\/product"}],"about":[{"href":"https:\/\/seiferia.ch\/index.php\/wp-json\/wp\/v2\/types\/product"}],"wp:featuredmedia":[{"embeddable":true,"href":"https:\/\/seiferia.ch\/index.php\/wp-json\/wp\/v2\/media\/201"}],"wp:attachment":[{"href":"https:\/\/seiferia.ch\/index.php\/wp-json\/wp\/v2\/media?parent=262"}],"wp:term":[{"taxonomy":"product_cat","embeddable":true,"href":"https:\/\/seiferia.ch\/index.php\/wp-json\/wp\/v2\/product_cat?post=262"},{"taxonomy":"product_tag","embeddable":true,"href":"https:\/\/seiferia.ch\/index.php\/wp-json\/wp\/v2\/product_tag?post=262"}],"curies":[{"name":"wp","href":"https:\/\/api.w.org\/{rel}","templated":true}]}}