{"id":263,"date":"2020-11-06T10:08:34","date_gmt":"2020-11-06T10:08:34","guid":{"rendered":"http:\/\/seiferia.ch\/?post_type=product&#038;p=263"},"modified":"2022-11-10T10:15:37","modified_gmt":"2022-11-10T10:15:37","slug":"ayurveda","status":"publish","type":"product","link":"https:\/\/seiferia.ch\/index.php\/product\/ayurveda\/","title":{"rendered":"Ayurveda"},"content":{"rendered":"<p>Wasser, Kokosfett, Oliven\u00f6l, Naoh, Avocado\u00f6l, Jojoba\u00f6l, Sonnenblumen\u00f6l, Rizinus\u00f6l, Traubenkern\u00f6l, Bockshornklee Pulver, Kurkuma, Heilerde, Meersalz, \u00e4th.\u00d6l.<br \/>\nDuftet nach Rose und Weihrauch.<\/p>\n","protected":false},"excerpt":{"rendered":"<p>Wasser, Kokosfett, Oliven\u00f6l, Naoh, Avocado\u00f6l, Jojoba\u00f6l, Sonnenblumen\u00f6l, Rizinus\u00f6l, Traubenkern\u00f6l, Bockshornklee Pulver, Kurkuma, Heilerde, Meersalz, \u00e4th.\u00d6l. Duftet nach Rose und Weihrauch.<\/p>\n","protected":false},"featured_media":215,"template":"","meta":[],"product_cat":[15],"product_tag":[],"_links":{"self":[{"href":"https:\/\/seiferia.ch\/index.php\/wp-json\/wp\/v2\/product\/263"}],"collection":[{"href":"https:\/\/seiferia.ch\/index.php\/wp-json\/wp\/v2\/product"}],"about":[{"href":"https:\/\/seiferia.ch\/index.php\/wp-json\/wp\/v2\/types\/product"}],"wp:featuredmedia":[{"embeddable":true,"href":"https:\/\/seiferia.ch\/index.php\/wp-json\/wp\/v2\/media\/215"}],"wp:attachment":[{"href":"https:\/\/seiferia.ch\/index.php\/wp-json\/wp\/v2\/media?parent=263"}],"wp:term":[{"taxonomy":"product_cat","embeddable":true,"href":"https:\/\/seiferia.ch\/index.php\/wp-json\/wp\/v2\/product_cat?post=263"},{"taxonomy":"product_tag","embeddable":true,"href":"https:\/\/seiferia.ch\/index.php\/wp-json\/wp\/v2\/product_tag?post=263"}],"curies":[{"name":"wp","href":"https:\/\/api.w.org\/{rel}","templated":true}]}}