{"id":264,"date":"2020-11-06T10:11:36","date_gmt":"2020-11-06T10:11:36","guid":{"rendered":"http:\/\/seiferia.ch\/?post_type=product&#038;p=264"},"modified":"2022-11-17T12:47:24","modified_gmt":"2022-11-17T12:47:24","slug":"lavendel","status":"publish","type":"product","link":"https:\/\/seiferia.ch\/index.php\/product\/lavendel\/","title":{"rendered":"Lavendel"},"content":{"rendered":"<p>Kokosfett, Palmfett Bio, Oliven\u00f6l, Raps\u00f6l, Sonnenblumen\u00f6l, \u00e4th.\u00d6l Lavendel<\/p>\n","protected":false},"excerpt":{"rendered":"<p>Kokosfett, Palmfett Bio, Oliven\u00f6l, Raps\u00f6l, Sonnenblumen\u00f6l, \u00e4th.\u00d6l Lavendel<\/p>\n","protected":false},"featured_media":227,"template":"","meta":[],"product_cat":[15],"product_tag":[],"_links":{"self":[{"href":"https:\/\/seiferia.ch\/index.php\/wp-json\/wp\/v2\/product\/264"}],"collection":[{"href":"https:\/\/seiferia.ch\/index.php\/wp-json\/wp\/v2\/product"}],"about":[{"href":"https:\/\/seiferia.ch\/index.php\/wp-json\/wp\/v2\/types\/product"}],"wp:featuredmedia":[{"embeddable":true,"href":"https:\/\/seiferia.ch\/index.php\/wp-json\/wp\/v2\/media\/227"}],"wp:attachment":[{"href":"https:\/\/seiferia.ch\/index.php\/wp-json\/wp\/v2\/media?parent=264"}],"wp:term":[{"taxonomy":"product_cat","embeddable":true,"href":"https:\/\/seiferia.ch\/index.php\/wp-json\/wp\/v2\/product_cat?post=264"},{"taxonomy":"product_tag","embeddable":true,"href":"https:\/\/seiferia.ch\/index.php\/wp-json\/wp\/v2\/product_tag?post=264"}],"curies":[{"name":"wp","href":"https:\/\/api.w.org\/{rel}","templated":true}]}}