{"id":270,"date":"2020-11-06T10:21:28","date_gmt":"2020-11-06T10:21:28","guid":{"rendered":"http:\/\/seiferia.ch\/?post_type=product&#038;p=270"},"modified":"2022-11-17T12:45:32","modified_gmt":"2022-11-17T12:45:32","slug":"marrakesch","status":"publish","type":"product","link":"https:\/\/seiferia.ch\/index.php\/product\/marrakesch\/","title":{"rendered":"Marrakesch"},"content":{"rendered":"<p>Kokosfett, Palmfett Bio, Oliven\u00f6l, Raps\u00f6l, Sonnenblumen\u00f6l, Parfume \u00d6l und \u00e4th. \u00d6le<br \/>\nDuftet nach Orientalischem Traum, Weihrauch, Rose, Myrre, Zeder, Sandelholz und Orangenmischung<\/p>\n","protected":false},"excerpt":{"rendered":"<p>Kokosfett, Palmfett Bio, Oliven\u00f6l, Raps\u00f6l, Sonnenblumen\u00f6l, Parfume \u00d6l und \u00e4th. \u00d6le Duftet nach Orientalischem Traum, Weihrauch, Rose, Myrre, Zeder, Sandelholz und Orangenmischung<\/p>\n","protected":false},"featured_media":221,"template":"","meta":[],"product_cat":[15],"product_tag":[],"_links":{"self":[{"href":"https:\/\/seiferia.ch\/index.php\/wp-json\/wp\/v2\/product\/270"}],"collection":[{"href":"https:\/\/seiferia.ch\/index.php\/wp-json\/wp\/v2\/product"}],"about":[{"href":"https:\/\/seiferia.ch\/index.php\/wp-json\/wp\/v2\/types\/product"}],"wp:featuredmedia":[{"embeddable":true,"href":"https:\/\/seiferia.ch\/index.php\/wp-json\/wp\/v2\/media\/221"}],"wp:attachment":[{"href":"https:\/\/seiferia.ch\/index.php\/wp-json\/wp\/v2\/media?parent=270"}],"wp:term":[{"taxonomy":"product_cat","embeddable":true,"href":"https:\/\/seiferia.ch\/index.php\/wp-json\/wp\/v2\/product_cat?post=270"},{"taxonomy":"product_tag","embeddable":true,"href":"https:\/\/seiferia.ch\/index.php\/wp-json\/wp\/v2\/product_tag?post=270"}],"curies":[{"name":"wp","href":"https:\/\/api.w.org\/{rel}","templated":true}]}}