{"id":273,"date":"2020-11-06T10:23:55","date_gmt":"2020-11-06T10:23:55","guid":{"rendered":"http:\/\/seiferia.ch\/?post_type=product&#038;p=273"},"modified":"2022-11-17T12:44:31","modified_gmt":"2022-11-17T12:44:31","slug":"lorbeer","status":"publish","type":"product","link":"https:\/\/seiferia.ch\/index.php\/product\/lorbeer\/","title":{"rendered":"Lorbeer"},"content":{"rendered":"<p>Oliven\u00f6l, Lorbeer\u00f6l, Rizinus\u00f6l, \u00e4th. \u00d6l<br \/>\nDuftet nach herben Gew\u00fcrzen<\/p>\n","protected":false},"excerpt":{"rendered":"<p>Oliven\u00f6l, Lorbeer\u00f6l, Rizinus\u00f6l, \u00e4th. \u00d6l Duftet nach herben Gew\u00fcrzen<\/p>\n","protected":false},"featured_media":212,"template":"","meta":[],"product_cat":[15],"product_tag":[],"_links":{"self":[{"href":"https:\/\/seiferia.ch\/index.php\/wp-json\/wp\/v2\/product\/273"}],"collection":[{"href":"https:\/\/seiferia.ch\/index.php\/wp-json\/wp\/v2\/product"}],"about":[{"href":"https:\/\/seiferia.ch\/index.php\/wp-json\/wp\/v2\/types\/product"}],"wp:featuredmedia":[{"embeddable":true,"href":"https:\/\/seiferia.ch\/index.php\/wp-json\/wp\/v2\/media\/212"}],"wp:attachment":[{"href":"https:\/\/seiferia.ch\/index.php\/wp-json\/wp\/v2\/media?parent=273"}],"wp:term":[{"taxonomy":"product_cat","embeddable":true,"href":"https:\/\/seiferia.ch\/index.php\/wp-json\/wp\/v2\/product_cat?post=273"},{"taxonomy":"product_tag","embeddable":true,"href":"https:\/\/seiferia.ch\/index.php\/wp-json\/wp\/v2\/product_tag?post=273"}],"curies":[{"name":"wp","href":"https:\/\/api.w.org\/{rel}","templated":true}]}}