{"id":395,"date":"2020-11-11T09:16:59","date_gmt":"2020-11-11T09:16:59","guid":{"rendered":"http:\/\/seiferia.ch\/?post_type=product&#038;p=395"},"modified":"2020-12-22T06:31:35","modified_gmt":"2020-12-22T06:31:35","slug":"buddha-venus-orange","status":"publish","type":"product","link":"https:\/\/seiferia.ch\/index.php\/product\/buddha-venus-orange\/","title":{"rendered":"Buddha &#038; Venus, Orange"},"content":{"rendered":"<p>Kokosfett, Palmfett Bio, Oliven\u00f6l, Raps\u00f6l, Rizinus\u00f6l, \u00e4th. \u00d6l, Bienenwachs<br \/>\nDuftet nach Orangen und Zeder<\/p>\n","protected":false},"excerpt":{"rendered":"<p>Kokosfett, Palmfett Bio, Oliven\u00f6l, Raps\u00f6l, Rizinus\u00f6l, \u00e4th. \u00d6l, Bienenwachs Duftet nach Orangen und Zeder<\/p>\n","protected":false},"featured_media":393,"template":"","meta":[],"product_cat":[15],"product_tag":[],"_links":{"self":[{"href":"https:\/\/seiferia.ch\/index.php\/wp-json\/wp\/v2\/product\/395"}],"collection":[{"href":"https:\/\/seiferia.ch\/index.php\/wp-json\/wp\/v2\/product"}],"about":[{"href":"https:\/\/seiferia.ch\/index.php\/wp-json\/wp\/v2\/types\/product"}],"wp:featuredmedia":[{"embeddable":true,"href":"https:\/\/seiferia.ch\/index.php\/wp-json\/wp\/v2\/media\/393"}],"wp:attachment":[{"href":"https:\/\/seiferia.ch\/index.php\/wp-json\/wp\/v2\/media?parent=395"}],"wp:term":[{"taxonomy":"product_cat","embeddable":true,"href":"https:\/\/seiferia.ch\/index.php\/wp-json\/wp\/v2\/product_cat?post=395"},{"taxonomy":"product_tag","embeddable":true,"href":"https:\/\/seiferia.ch\/index.php\/wp-json\/wp\/v2\/product_tag?post=395"}],"curies":[{"name":"wp","href":"https:\/\/api.w.org\/{rel}","templated":true}]}}